{"id":956,"date":"2022-10-20T15:04:14","date_gmt":"2022-10-20T15:04:14","guid":{"rendered":"https:\/\/ist.olt.gov.on.ca\/fr\/?page_id=956"},"modified":"2025-01-15T15:42:37","modified_gmt":"2025-01-15T15:42:37","slug":"statut-du-dossier","status":"publish","type":"page","link":"https:\/\/ist.olt.gov.on.ca\/fr\/statut-du-dossier\/","title":{"rendered":"Statut du dossier"},"content":{"rendered":"<p>Utilisez notre\u00a0<a href=\"https:\/\/jus-olt-prod.powerappsportals.com\/fr-FR\/e-status\/\" target=\"_blank\" rel=\"noopener\"><span style=\"text-decoration: underline;\"><strong>service de v\u00e9rification de l\u2019\u00e9tat des dossiers<\/strong><\/span><\/a>\u00a0pour obtenir des renseignements sur des dossiers actifs et r\u00e9cemment ferm\u00e9s, dont des renseignements sur des audiences prochaines et des d\u00e9cisions rendues.<\/p>\n<p>Vous pouvez effectuer une recherche dans les dossiers devant le Tribunal en utilisant des mots cl\u00e9s, comme :<\/p>\n<ul>\n<li>description du bien immeuble<\/li>\n<li>municipalit\u00e9<\/li>\n<li>l\u00e9gislation (loi, disposition)<\/li>\n<li>num\u00e9ro de dossier<\/li>\n<li>num\u00e9ro de r\u00e9f\u00e9rence<\/li>\n<\/ul>\n<p>Les recherches sont ex\u00e9cut\u00e9es \u00e0 l\u2019aide du champ Rechercher.<\/p>\n<p>Prenez note que vous ne pouvez pas rechercher des dossiers \u00e0 l\u2019aide du num\u00e9ro d\u2019identification du dossier d\u2019appel \u00e9lectronique. Lorsque vous effectuez une recherche, veuillez utiliser le num\u00e9ro de dossier du TOAT ou le num\u00e9ro de r\u00e9f\u00e9rence fourni par l\u2019autorit\u00e9 approbatrice.<\/p>\n<p>Vous pouvez trier les donn\u00e9es en s\u00e9lectionnant le titre de la colonne qui vous int\u00e9resse.<\/p>\n<p>Pour des renseignements sur des dossiers clos, consultez la page \u00ab\u00a0<a href=\"\/fr\/decisions\"><strong>D\u00e9cisions <\/strong><\/a>\u00bb.<\/p>\n<p>Si vous ne trouvez pas le dossier que vous cherchez,\u00a0<a href=\"\/fr\/contactez-nous\"><strong>contactez-nous<\/strong><\/a>.<\/p>\n<p>&nbsp;<\/p>\n<p>&nbsp;<\/p>\n<p>&nbsp;<\/p>\n<p>&nbsp;<\/p>\n","protected":false},"excerpt":{"rendered":"<p>Utilisez notre\u00a0service de v\u00e9rification de l\u2019\u00e9tat des dossiers\u00a0pour obtenir des renseignements sur des dossiers actifs et r\u00e9cemment ferm\u00e9s, dont des renseignements sur des audiences prochaines et des d\u00e9cisions rendues. Vous pouvez effectuer une recherche dans les dossiers devant le Tribunal en utilisant des mots cl\u00e9s, comme : description du bien immeuble municipalit\u00e9 l\u00e9gislation (loi, disposition) [&hellip;]<\/p>\n","protected":false},"author":5,"featured_media":0,"parent":0,"menu_order":1,"comment_status":"closed","ping_status":"closed","template":"templates\/template-full-width.php","meta":{"inline_featured_image":false,"footnotes":"","_links_to":"","_links_to_target":""},"class_list":["post-956","page","type-page","status-publish","hentry"],"acf":[],"_links":{"self":[{"href":"https:\/\/ist.olt.gov.on.ca\/fr\/wp-json\/wp\/v2\/pages\/956","targetHints":{"allow":["GET"]}}],"collection":[{"href":"https:\/\/ist.olt.gov.on.ca\/fr\/wp-json\/wp\/v2\/pages"}],"about":[{"href":"https:\/\/ist.olt.gov.on.ca\/fr\/wp-json\/wp\/v2\/types\/page"}],"author":[{"embeddable":true,"href":"https:\/\/ist.olt.gov.on.ca\/fr\/wp-json\/wp\/v2\/users\/5"}],"replies":[{"embeddable":true,"href":"https:\/\/ist.olt.gov.on.ca\/fr\/wp-json\/wp\/v2\/comments?post=956"}],"version-history":[{"count":16,"href":"https:\/\/ist.olt.gov.on.ca\/fr\/wp-json\/wp\/v2\/pages\/956\/revisions"}],"predecessor-version":[{"id":3237,"href":"https:\/\/ist.olt.gov.on.ca\/fr\/wp-json\/wp\/v2\/pages\/956\/revisions\/3237"}],"wp:attachment":[{"href":"https:\/\/ist.olt.gov.on.ca\/fr\/wp-json\/wp\/v2\/media?parent=956"}],"curies":[{"name":"wp","href":"https:\/\/api.w.org\/{rel}","templated":true}]}}