{"id":791,"date":"2022-10-12T17:23:34","date_gmt":"2022-10-12T17:23:34","guid":{"rendered":"https:\/\/ist.olt.gov.on.ca\/fr\/?page_id=791"},"modified":"2023-02-08T01:41:08","modified_gmt":"2023-02-08T01:41:08","slug":"plan-daudience","status":"publish","type":"page","link":"https:\/\/ist.olt.gov.on.ca\/fr\/audiences\/plan-daudience\/","title":{"rendered":"Plan d&rsquo;audience"},"content":{"rendered":"<p>Un plan d\u2019audience est requis pour tous les types d\u2019appels interjet\u00e9s aupr\u00e8s du Tribunal ontarien de l\u2019am\u00e9nagement du territoire (le Tribunal) qui n\u00e9cessiteront une audience de quatre (4)\u202fjours ou plus. Le plan d\u2019audience d\u00e9crit comment se d\u00e9roulera l\u2019audience et permet de s\u2019assurer que le Tribunal a pr\u00e9vu suffisamment de temps pour traiter l\u2019affaire.<\/p>\n<p>Il est recommand\u00e9 que les parties se rencontrent pour discuter du plan d\u2019audience avant de le soumettre au Tribunal. Le Tribunal examinera et approuvera le plan d\u2019audience propos\u00e9 et communiquera avec les parties si des renseignements suppl\u00e9mentaires sont n\u00e9cessaires.<\/p>\n<p><strong><u>Comment organiser un plan d\u2019audience<\/u><\/strong><\/p>\n<p>Chaque journ\u00e9e d\u2019audience doit commencer \u00e0 l\u2019heure fix\u00e9e par le Tribunal. L\u2019heure est indiqu\u00e9e sur votre avis d\u2019audience ou sur une d\u00e9cision du Tribunal.<\/p>\n<p>La derni\u00e8re activit\u00e9 pr\u00e9vue \u00e0 l\u2019horaire de chaque journ\u00e9e doit se terminer au plus tard \u00e0 17 h.<\/p>\n<p>L\u2019horaire devrait pr\u00e9voir trois pauses par jour \u2013 le matin, le midi et l\u2019apr\u00e8s-midi. Lorsque vous pr\u00e9voyez appeler des t\u00e9moins \u00e0 la barre, utilisez votre jugement pour tenter de d\u00e9terminer combien de temps sera n\u00e9cessaire pour pr\u00e9senter l\u2019information.<\/p>\n<p>L\u2019ordre des t\u00e9moins dans le plan d\u2019audience doit correspondre \u00e0 l\u2019ordre \u00e9tabli dans l\u2019ordonnance relative \u00e0 la proc\u00e9dure. Si aucune ordonnance relative \u00e0 la proc\u00e9dure n\u2019a \u00e9t\u00e9 rendue, les parties devraient pr\u00e9voir d\u2019appeler les t\u00e9moins \u00e0 la barre dans l\u2019ordre habituel de la proc\u00e9dure, soit en commen\u00e7ant par le requ\u00e9rant. Les t\u00e9moins doivent \u00eatre identifi\u00e9s par ordre alphab\u00e9tique, en commen\u00e7ant par \u00ab\u2009T\u00e9moin A\u2009\u00bb, suivi de \u00ab\u2009T\u00e9moin B\u2009\u00bb et ainsi de suite, pour indiquer qui t\u00e9moignera quel jour et \u00e0 quelle heure.<\/p>\n<p>Le Tribunal s\u2019attend \u00e0 ce que les parties \u00e9laborent conjointement le plan d\u2019audience et le soumettent au coordonnateur des cas du Tribunal au moins 30 jours avant la date de d\u00e9but de l\u2019audience en indiquant le num\u00e9ro de dossier et la date de d\u00e9but de l\u2019audience. Le plan d\u2019audience peut \u00eatre modifi\u00e9 \u00e0 la discr\u00e9tion du comit\u00e9 d\u2019audition.<\/p>\n<p>Vous trouverez ci-dessous deux exemples de plans d\u2019audience qui peuvent servir de mod\u00e8les. Les parties devraient modifier le plan pour l\u2019adapter \u00e0 leur situation particuli\u00e8re.<\/p>\n<h5><strong>Exemple de plan pour une audience de trois jours<\/strong><\/h5>\n<p>Un plan d\u2019audience est requis pour tous les types d\u2019appels interjet\u00e9s aupr\u00e8s du Tribunal pour lesquels trois (3) jours ou plus ont \u00e9t\u00e9 r\u00e9serv\u00e9s pour l\u2019audience.<\/p>\n<p><strong>Jour\u00a01<\/strong><\/p>\n\n<table id=\"tablepress-2\" class=\"tablepress tablepress-id-2\">\n<thead>\n<tr class=\"row-1 odd\">\n\t<th class=\"column-1\">Heure de d\u00e9but<\/th><th class=\"column-2\">Dur\u00e9e<\/th><th class=\"column-3\">Activit\u00e9<\/th><th class=\"column-4\">Nom du t\u00e9moin<\/th>\n<\/tr>\n<\/thead>\n<tbody class=\"row-hover\">\n<tr class=\"row-2 even\">\n\t<td class=\"column-1\">10 h<\/td><td class=\"column-2\">15 min<\/td><td class=\"column-3\">Points pr\u00e9liminaires<\/td><td class=\"column-4\"><\/td>\n<\/tr>\n<tr class=\"row-3 odd\">\n\t<td class=\"column-1\">10 h 15<\/td><td class=\"column-2\">60 min<\/td><td class=\"column-3\">T\u00e9moin A, interrogatoire principal<\/td><td class=\"column-4\">T\u00e9moin A<\/td>\n<\/tr>\n<tr class=\"row-4 even\">\n\t<td class=\"column-1\">11 h 15<\/td><td class=\"column-2\">15 min<\/td><td class=\"column-3\">Pause du matin<\/td><td class=\"column-4\"><\/td>\n<\/tr>\n<tr class=\"row-5 odd\">\n\t<td class=\"column-1\">11 h 30<\/td><td class=\"column-2\">90 min<\/td><td class=\"column-3\">T\u00e9moin A, interrogatoire principal<\/td><td class=\"column-4\">T\u00e9moin A<\/td>\n<\/tr>\n<tr class=\"row-6 even\">\n\t<td class=\"column-1\">13 h<\/td><td class=\"column-2\">60 min<\/td><td class=\"column-3\">Pause d\u00eener<\/td><td class=\"column-4\"><\/td>\n<\/tr>\n<tr class=\"row-7 odd\">\n\t<td class=\"column-1\">14 h<\/td><td class=\"column-2\">90 min<\/td><td class=\"column-3\">T\u00e9moin A, contre-interrogatoire<\/td><td class=\"column-4\">T\u00e9moin A<\/td>\n<\/tr>\n<tr class=\"row-8 even\">\n\t<td class=\"column-1\">15 h 30<\/td><td class=\"column-2\">15 min<\/td><td class=\"column-3\">Pause de l\u2019apr\u00e8s-midi<\/td><td class=\"column-4\"><\/td>\n<\/tr>\n<tr class=\"row-9 odd\">\n\t<td class=\"column-1\">15 h 45<\/td><td class=\"column-2\">15 min<\/td><td class=\"column-3\">T\u00e9moin A, r\u00e9interrogatoire<\/td><td class=\"column-4\">T\u00e9moin A<\/td>\n<\/tr>\n<tr class=\"row-10 even\">\n\t<td class=\"column-1\">16 h<\/td><td class=\"column-2\">60 min<\/td><td class=\"column-3\">T\u00e9moin B, interrogatoire principal<\/td><td class=\"column-4\">T\u00e9moin B<\/td>\n<\/tr>\n<\/tbody>\n<\/table>\n<!-- #tablepress-2 from cache -->\n<p><strong><br \/>\nJour\u00a02<\/strong><\/p>\n\n<table id=\"tablepress-3\" class=\"tablepress tablepress-id-3\">\n<thead>\n<tr class=\"row-1 odd\">\n\t<th class=\"column-1\">Heure de d\u00e9but<\/th><th class=\"column-2\">Dur\u00e9e<\/th><th class=\"column-3\">Activit\u00e9<\/th><th class=\"column-4\">Nom du t\u00e9moin<\/th>\n<\/tr>\n<\/thead>\n<tbody class=\"row-hover\">\n<tr class=\"row-2 even\">\n\t<td class=\"column-1\">10 h<\/td><td class=\"column-2\">90 min<\/td><td class=\"column-3\">T\u00e9moin B, interrogatoire principal<\/td><td class=\"column-4\">T\u00e9moin B<\/td>\n<\/tr>\n<tr class=\"row-3 odd\">\n\t<td class=\"column-1\">11 h 30<\/td><td class=\"column-2\">15 min<\/td><td class=\"column-3\">Pause du matin<\/td><td class=\"column-4\"><\/td>\n<\/tr>\n<tr class=\"row-4 even\">\n\t<td class=\"column-1\">11 h 45<\/td><td class=\"column-2\">90 min<\/td><td class=\"column-3\">T\u00e9moin B, contre-interrogatoire<\/td><td class=\"column-4\">T\u00e9moin B<\/td>\n<\/tr>\n<tr class=\"row-5 odd\">\n\t<td class=\"column-1\">13 h 15<\/td><td class=\"column-2\">60 min<\/td><td class=\"column-3\">Pause d\u00eener<\/td><td class=\"column-4\"><\/td>\n<\/tr>\n<tr class=\"row-6 even\">\n\t<td class=\"column-1\">14 h 15<\/td><td class=\"column-2\">15 min<\/td><td class=\"column-3\">T\u00e9moin B, r\u00e9interrogatoire<\/td><td class=\"column-4\">T\u00e9moin B<\/td>\n<\/tr>\n<tr class=\"row-7 odd\">\n\t<td class=\"column-1\">14 h 30<\/td><td class=\"column-2\">60 min<\/td><td class=\"column-3\">T\u00e9moin C, interrogatoire principal<\/td><td class=\"column-4\">T\u00e9moin C<\/td>\n<\/tr>\n<tr class=\"row-8 even\">\n\t<td class=\"column-1\">15 h 30<\/td><td class=\"column-2\">15 min<\/td><td class=\"column-3\">Pause de l\u2019apr\u00e8s-midi<\/td><td class=\"column-4\"><\/td>\n<\/tr>\n<tr class=\"row-9 odd\">\n\t<td class=\"column-1\">15 h 45<\/td><td class=\"column-2\">45 min<\/td><td class=\"column-3\">T\u00e9moin C, contre-interrogatoiren<\/td><td class=\"column-4\">T\u00e9moin C<\/td>\n<\/tr>\n<tr class=\"row-10 even\">\n\t<td class=\"column-1\">16 h 30<\/td><td class=\"column-2\">15 min<\/td><td class=\"column-3\">T\u00e9moin C, r\u00e9interrogatoire<\/td><td class=\"column-4\">T\u00e9moin C<\/td>\n<\/tr>\n<\/tbody>\n<\/table>\n<!-- #tablepress-3 from cache -->\n<p><strong><br \/>\n<\/strong><strong>Jour\u00a03<\/strong><\/p>\n\n<table id=\"tablepress-4\" class=\"tablepress tablepress-id-4\">\n<thead>\n<tr class=\"row-1 odd\">\n\t<th class=\"column-1\">Heure de d\u00e9but<\/th><th class=\"column-2\">Dur\u00e9e<\/th><th class=\"column-3\">Activit\u00e9<\/th><th class=\"column-4\">Nom du t\u00e9moin<\/th>\n<\/tr>\n<\/thead>\n<tbody class=\"row-hover\">\n<tr class=\"row-2 even\">\n\t<td class=\"column-1\">10 h<\/td><td class=\"column-2\">120 min<\/td><td class=\"column-3\">T\u00e9moignage des participants (avec pause matinale au moment opportun)<br \/>\n<br \/>\n<\/td><td class=\"column-4\"><\/td>\n<\/tr>\n<tr class=\"row-3 odd\">\n\t<td class=\"column-1\">12 h<\/td><td class=\"column-2\">45 min<\/td><td class=\"column-3\">Contre-preuve\/rappel de t\u00e9moins (au besoin)<\/td><td class=\"column-4\"><\/td>\n<\/tr>\n<tr class=\"row-4 even\">\n\t<td class=\"column-1\">12 h 45<\/td><td class=\"column-2\">60 min<\/td><td class=\"column-3\">Pause d\u00eener<\/td><td class=\"column-4\"><\/td>\n<\/tr>\n<tr class=\"row-5 odd\">\n\t<td class=\"column-1\">13 h 45<\/td><td class=\"column-2\">60 min<\/td><td class=\"column-3\">Derniers arguments \u2014 appelant<\/td><td class=\"column-4\"><\/td>\n<\/tr>\n<tr class=\"row-6 even\">\n\t<td class=\"column-1\">14 h 45<\/td><td class=\"column-2\">15 min<\/td><td class=\"column-3\">Pause de l\u2019apr\u00e8s-midi<\/td><td class=\"column-4\"><\/td>\n<\/tr>\n<tr class=\"row-7 odd\">\n\t<td class=\"column-1\">15 h<\/td><td class=\"column-2\">60 min<\/td><td class=\"column-3\">Derniers arguments \u2014 partie non appelante<\/td><td class=\"column-4\"><\/td>\n<\/tr>\n<tr class=\"row-8 even\">\n\t<td class=\"column-1\">16 h<\/td><td class=\"column-2\">15 min<\/td><td class=\"column-3\">R\u00e9plique<\/td><td class=\"column-4\"><\/td>\n<\/tr>\n<\/tbody>\n<\/table>\n<!-- #tablepress-4 from cache -->\n<h5><strong><br \/>\nExemple de plan pour une audience de cinq jours<\/strong><\/h5>\n<p><strong> Jour\u00a0<\/strong><strong>1<\/strong><\/p>\n\n<table id=\"tablepress-7\" class=\"tablepress tablepress-id-7\">\n<thead>\n<tr class=\"row-1 odd\">\n\t<th class=\"column-1\">Heure de d\u00e9but<\/th><th class=\"column-2\">Dur\u00e9e<\/th><th class=\"column-3\">Activit\u00e9<\/th><th class=\"column-4\">Nom du t\u00e9moin<\/th>\n<\/tr>\n<\/thead>\n<tbody class=\"row-hover\">\n<tr class=\"row-2 even\">\n\t<td class=\"column-1\">10 h<\/td><td class=\"column-2\">15 min<\/td><td class=\"column-3\">Points pr\u00e9liminaires<\/td><td class=\"column-4\"><\/td>\n<\/tr>\n<tr class=\"row-3 odd\">\n\t<td class=\"column-1\">10 h 15<\/td><td class=\"column-2\">75 min<\/td><td class=\"column-3\">T\u00e9moin A, interrogatoire principal<\/td><td class=\"column-4\">T\u00e9moin A<\/td>\n<\/tr>\n<tr class=\"row-4 even\">\n\t<td class=\"column-1\">11 h 30<\/td><td class=\"column-2\">15 min<\/td><td class=\"column-3\">Pause du matin<\/td><td class=\"column-4\"><\/td>\n<\/tr>\n<tr class=\"row-5 odd\">\n\t<td class=\"column-1\">11 h 45<\/td><td class=\"column-2\">75 min<\/td><td class=\"column-3\">T\u00e9moin A, interrogatoire principal<\/td><td class=\"column-4\">T\u00e9moin A<\/td>\n<\/tr>\n<tr class=\"row-6 even\">\n\t<td class=\"column-1\">13 h<\/td><td class=\"column-2\">60 min<\/td><td class=\"column-3\">Pause d\u00eener<\/td><td class=\"column-4\"><\/td>\n<\/tr>\n<tr class=\"row-7 odd\">\n\t<td class=\"column-1\">14 h<\/td><td class=\"column-2\">90 min<\/td><td class=\"column-3\">T\u00e9moin A, interrogatoire principal<\/td><td class=\"column-4\">T\u00e9moin A<\/td>\n<\/tr>\n<tr class=\"row-8 even\">\n\t<td class=\"column-1\">15 h 30<\/td><td class=\"column-2\">15 min<\/td><td class=\"column-3\">Pause de l\u2019apr\u00e8s-midi<\/td><td class=\"column-4\"><\/td>\n<\/tr>\n<tr class=\"row-9 odd\">\n\t<td class=\"column-1\">15 h 45<\/td><td class=\"column-2\">75 min<\/td><td class=\"column-3\">T\u00e9moin A, contre-interrogatoire<\/td><td class=\"column-4\">T\u00e9moin A<\/td>\n<\/tr>\n<\/tbody>\n<\/table>\n<!-- #tablepress-7 from cache -->\n<p><strong><br \/>\n<\/strong><strong>Jour\u00a02<\/strong><\/p>\n\n<table id=\"tablepress-8\" class=\"tablepress tablepress-id-8\">\n<thead>\n<tr class=\"row-1 odd\">\n\t<th class=\"column-1\">Heure de d\u00e9but<\/th><th class=\"column-2\">Dur\u00e9e<\/th><th class=\"column-3\">Activit\u00e9<\/th><th class=\"column-4\">Nom du t\u00e9moin<\/th>\n<\/tr>\n<\/thead>\n<tbody class=\"row-hover\">\n<tr class=\"row-2 even\">\n\t<td class=\"column-1\">10 h<\/td><td class=\"column-2\">90 min<\/td><td class=\"column-3\">T\u00e9moin A, contre-interrogatoire<\/td><td class=\"column-4\">T\u00e9moin A<\/td>\n<\/tr>\n<tr class=\"row-3 odd\">\n\t<td class=\"column-1\">11 h 30<\/td><td class=\"column-2\">15 min<\/td><td class=\"column-3\">Pause du matin<\/td><td class=\"column-4\"><\/td>\n<\/tr>\n<tr class=\"row-4 even\">\n\t<td class=\"column-1\">11 h 45<\/td><td class=\"column-2\">60 min<\/td><td class=\"column-3\">T\u00e9moin A, r\u00e9interrogatoire<\/td><td class=\"column-4\">T\u00e9moin A<\/td>\n<\/tr>\n<tr class=\"row-5 odd\">\n\t<td class=\"column-1\">12 h 45<\/td><td class=\"column-2\">60 min<\/td><td class=\"column-3\">Pause d\u00eener<\/td><td class=\"column-4\"><\/td>\n<\/tr>\n<tr class=\"row-6 even\">\n\t<td class=\"column-1\">13 h 45<\/td><td class=\"column-2\">105 min<\/td><td class=\"column-3\">T\u00e9moin B, interrogatoire principal<\/td><td class=\"column-4\">T\u00e9moin B<\/td>\n<\/tr>\n<tr class=\"row-7 odd\">\n\t<td class=\"column-1\">15 h 30<\/td><td class=\"column-2\">15 min<\/td><td class=\"column-3\">Pause de l\u2019apr\u00e8s-midi<\/td><td class=\"column-4\"><\/td>\n<\/tr>\n<tr class=\"row-8 even\">\n\t<td class=\"column-1\">15 h 45<\/td><td class=\"column-2\">60 min<\/td><td class=\"column-3\">T\u00e9moin B, contre-interrogatoire<\/td><td class=\"column-4\">T\u00e9moin B<\/td>\n<\/tr>\n<\/tbody>\n<\/table>\n<!-- #tablepress-8 from cache -->\n<p><strong><br \/>\n<\/strong><strong>Jour\u00a03<\/strong><\/p>\n\n<table id=\"tablepress-9\" class=\"tablepress tablepress-id-9\">\n<thead>\n<tr class=\"row-1 odd\">\n\t<th class=\"column-1\">Heure de d\u00e9but<\/th><th class=\"column-2\">Dur\u00e9e<\/th><th class=\"column-3\">Activit\u00e9<\/th><th class=\"column-4\">Nom du t\u00e9moin<\/th>\n<\/tr>\n<\/thead>\n<tbody class=\"row-hover\">\n<tr class=\"row-2 even\">\n\t<td class=\"column-1\">10 h<\/td><td class=\"column-2\">90 min<\/td><td class=\"column-3\">T\u00e9moin C, interrogatoire principal<\/td><td class=\"column-4\">T\u00e9moin C<\/td>\n<\/tr>\n<tr class=\"row-3 odd\">\n\t<td class=\"column-1\">11 h 30<\/td><td class=\"column-2\">15 min<\/td><td class=\"column-3\">Pause du matin<\/td><td class=\"column-4\"><\/td>\n<\/tr>\n<tr class=\"row-4 even\">\n\t<td class=\"column-1\">11 h 45<\/td><td class=\"column-2\">90 min<\/td><td class=\"column-3\">T\u00e9moin C, contre-interrogatoire<\/td><td class=\"column-4\">T\u00e9moin C<\/td>\n<\/tr>\n<tr class=\"row-5 odd\">\n\t<td class=\"column-1\">13 h 15<\/td><td class=\"column-2\">60 min<\/td><td class=\"column-3\">Pause d\u00eener<\/td><td class=\"column-4\"><\/td>\n<\/tr>\n<tr class=\"row-6 even\">\n\t<td class=\"column-1\">14 h 15<\/td><td class=\"column-2\">30 min<\/td><td class=\"column-3\">T\u00e9moin C, r\u00e9interrogatoire<\/td><td class=\"column-4\">T\u00e9moin C<\/td>\n<\/tr>\n<tr class=\"row-7 odd\">\n\t<td class=\"column-1\">14 h 45<\/td><td class=\"column-2\">75 min<\/td><td class=\"column-3\">T\u00e9moin D, interrogatoire principal<\/td><td class=\"column-4\">T\u00e9moin D<\/td>\n<\/tr>\n<tr class=\"row-8 even\">\n\t<td class=\"column-1\">15 h 30<\/td><td class=\"column-2\">15 min<\/td><td class=\"column-3\">Pause de l\u2019apr\u00e8s-midi<\/td><td class=\"column-4\"><\/td>\n<\/tr>\n<tr class=\"row-9 odd\">\n\t<td class=\"column-1\">15 h 45<\/td><td class=\"column-2\">75 min<\/td><td class=\"column-3\">T\u00e9moin D, contre-interrogatoire<\/td><td class=\"column-4\">T\u00e9moin D<\/td>\n<\/tr>\n<\/tbody>\n<\/table>\n<!-- #tablepress-9 from cache -->\n<p><strong><br \/>\n<\/strong><strong>Jour\u00a04<\/strong><\/p>\n\n<table id=\"tablepress-10\" class=\"tablepress tablepress-id-10\">\n<thead>\n<tr class=\"row-1 odd\">\n\t<th class=\"column-1\">Heure de d\u00e9but<\/th><th class=\"column-2\">Dur\u00e9e<\/th><th class=\"column-3\">Activit\u00e9<\/th><th class=\"column-4\">Nom du t\u00e9moin<\/th>\n<\/tr>\n<\/thead>\n<tbody class=\"row-hover\">\n<tr class=\"row-2 even\">\n\t<td class=\"column-1\">10 h<\/td><td class=\"column-2\">60 min<\/td><td class=\"column-3\">T\u00e9moin E, interrogatoire principal<\/td><td class=\"column-4\">T\u00e9moin E<\/td>\n<\/tr>\n<tr class=\"row-3 odd\">\n\t<td class=\"column-1\">11 h<\/td><td class=\"column-2\">30 min<\/td><td class=\"column-3\">T\u00e9moin E, contre-interrogatoire<\/td><td class=\"column-4\">T\u00e9moin E<\/td>\n<\/tr>\n<tr class=\"row-4 even\">\n\t<td class=\"column-1\">11 h 30<\/td><td class=\"column-2\">15 min<\/td><td class=\"column-3\">Pause du matin<\/td><td class=\"column-4\"><\/td>\n<\/tr>\n<tr class=\"row-5 odd\">\n\t<td class=\"column-1\">11 h 45<\/td><td class=\"column-2\">45 min<\/td><td class=\"column-3\">T\u00e9moin F, interrogatoire principal<\/td><td class=\"column-4\">T\u00e9moin F<\/td>\n<\/tr>\n<tr class=\"row-6 even\">\n\t<td class=\"column-1\">12 h 30<\/td><td class=\"column-2\">60 min<\/td><td class=\"column-3\">Pause d\u00eener<\/td><td class=\"column-4\"><\/td>\n<\/tr>\n<tr class=\"row-7 odd\">\n\t<td class=\"column-1\">13 h 30<\/td><td class=\"column-2\">30 min<\/td><td class=\"column-3\">T\u00e9moin F, contre-interrogatoire<\/td><td class=\"column-4\">T\u00e9moin F<\/td>\n<\/tr>\n<tr class=\"row-8 even\">\n\t<td class=\"column-1\">14 h<\/td><td class=\"column-2\">75 min<\/td><td class=\"column-3\">T\u00e9moignage des participants<\/td><td class=\"column-4\"><\/td>\n<\/tr>\n<tr class=\"row-9 odd\">\n\t<td class=\"column-1\">15 h 15<\/td><td class=\"column-2\">15 min<\/td><td class=\"column-3\">Pause de l\u2019apr\u00e8s-midi<\/td><td class=\"column-4\"><\/td>\n<\/tr>\n<tr class=\"row-10 even\">\n\t<td class=\"column-1\">15 h 30<\/td><td class=\"column-2\">90 min<\/td><td class=\"column-3\">T\u00e9moignage des participants<\/td><td class=\"column-4\"><\/td>\n<\/tr>\n<\/tbody>\n<\/table>\n<!-- #tablepress-10 from cache -->\n<p><strong><br \/>\n<\/strong><strong>Jour\u00a05<\/strong><\/p>\n\n<table id=\"tablepress-11\" class=\"tablepress tablepress-id-11\">\n<thead>\n<tr class=\"row-1 odd\">\n\t<th class=\"column-1\">Heure de d\u00e9but<\/th><th class=\"column-2\">Dur\u00e9e<\/th><th class=\"column-3\">Activit\u00e9<\/th><th class=\"column-4\">Nom du t\u00e9moin<\/th>\n<\/tr>\n<\/thead>\n<tbody class=\"row-hover\">\n<tr class=\"row-2 even\">\n\t<td class=\"column-1\">10 h<\/td><td class=\"column-2\">45 min<\/td><td class=\"column-3\">T\u00e9moignage des participants<\/td><td class=\"column-4\"><\/td>\n<\/tr>\n<tr class=\"row-3 odd\">\n\t<td class=\"column-1\">10 h 45<\/td><td class=\"column-2\">45 min<\/td><td class=\"column-3\">Contre-preuve\/rappel de t\u00e9moins (au besoin)<\/td><td class=\"column-4\"><\/td>\n<\/tr>\n<tr class=\"row-4 even\">\n\t<td class=\"column-1\">11 h 30<\/td><td class=\"column-2\">15 min<\/td><td class=\"column-3\">Pause du matin<\/td><td class=\"column-4\"><\/td>\n<\/tr>\n<tr class=\"row-5 odd\">\n\t<td class=\"column-1\">11 h 45<\/td><td class=\"column-2\">75 min<\/td><td class=\"column-3\">Derniers arguments \u2014 appelant<\/td><td class=\"column-4\"><\/td>\n<\/tr>\n<tr class=\"row-6 even\">\n\t<td class=\"column-1\">13 h<\/td><td class=\"column-2\">60 min<\/td><td class=\"column-3\">Pause d\u00eener<\/td><td class=\"column-4\"><\/td>\n<\/tr>\n<tr class=\"row-7 odd\">\n\t<td class=\"column-1\">14 h<\/td><td class=\"column-2\">60 min<\/td><td class=\"column-3\">Derniers arguments \u2014 partie non appelante<\/td><td class=\"column-4\"><\/td>\n<\/tr>\n<tr class=\"row-8 even\">\n\t<td class=\"column-1\">15 h<\/td><td class=\"column-2\">15 min<\/td><td class=\"column-3\">R\u00e9plique<\/td><td class=\"column-4\"><\/td>\n<\/tr>\n<\/tbody>\n<\/table>\n<!-- #tablepress-11 from cache -->\n","protected":false},"excerpt":{"rendered":"<p>Un plan d\u2019audience est requis pour tous les types d\u2019appels interjet\u00e9s aupr\u00e8s du Tribunal ontarien de l\u2019am\u00e9nagement du territoire (le Tribunal) qui n\u00e9cessiteront une audience de quatre (4)\u202fjours ou plus. Le plan d\u2019audience d\u00e9crit comment se d\u00e9roulera l\u2019audience et permet de s\u2019assurer que le Tribunal a pr\u00e9vu suffisamment de temps pour traiter l\u2019affaire. Il est [&hellip;]<\/p>\n","protected":false},"author":1,"featured_media":0,"parent":789,"menu_order":0,"comment_status":"closed","ping_status":"closed","template":"templates\/template-full-width.php","meta":{"inline_featured_image":false,"footnotes":"","_links_to":"","_links_to_target":""},"class_list":["post-791","page","type-page","status-publish","hentry"],"acf":[],"_links":{"self":[{"href":"https:\/\/ist.olt.gov.on.ca\/fr\/wp-json\/wp\/v2\/pages\/791","targetHints":{"allow":["GET"]}}],"collection":[{"href":"https:\/\/ist.olt.gov.on.ca\/fr\/wp-json\/wp\/v2\/pages"}],"about":[{"href":"https:\/\/ist.olt.gov.on.ca\/fr\/wp-json\/wp\/v2\/types\/page"}],"author":[{"embeddable":true,"href":"https:\/\/ist.olt.gov.on.ca\/fr\/wp-json\/wp\/v2\/users\/1"}],"replies":[{"embeddable":true,"href":"https:\/\/ist.olt.gov.on.ca\/fr\/wp-json\/wp\/v2\/comments?post=791"}],"version-history":[{"count":28,"href":"https:\/\/ist.olt.gov.on.ca\/fr\/wp-json\/wp\/v2\/pages\/791\/revisions"}],"predecessor-version":[{"id":1962,"href":"https:\/\/ist.olt.gov.on.ca\/fr\/wp-json\/wp\/v2\/pages\/791\/revisions\/1962"}],"up":[{"embeddable":true,"href":"https:\/\/ist.olt.gov.on.ca\/fr\/wp-json\/wp\/v2\/pages\/789"}],"wp:attachment":[{"href":"https:\/\/ist.olt.gov.on.ca\/fr\/wp-json\/wp\/v2\/media?parent=791"}],"curies":[{"name":"wp","href":"https:\/\/api.w.org\/{rel}","templated":true}]}}