{"id":2743,"date":"2024-03-20T14:01:09","date_gmt":"2024-03-20T14:01:09","guid":{"rendered":"https:\/\/ist.olt.gov.on.ca\/fr\/?page_id=2743"},"modified":"2024-03-27T13:49:28","modified_gmt":"2024-03-27T13:49:28","slug":"depot-electronique-glossaire","status":"publish","type":"page","link":"https:\/\/ist.olt.gov.on.ca\/fr\/depot-electronique-glossaire\/","title":{"rendered":"Glossaire"},"content":{"rendered":"<p><strong>appel\u00a0:<\/strong> Aux fins du d\u00e9p\u00f4t \u00e9lectronique, le terme \u00ab\u00a0appel\u00a0\u00bb d\u00e9signe non seulement les appels, mais aussi les requ\u00eates, les oppositions et les renvois.<\/p>\n<p><strong>appelant\u00a0:<\/strong> Une personne ou une soci\u00e9t\u00e9 qui initie et soumet un appel \u00e0 l\u2019arbitrage du Tribunal ontarien de l\u2019am\u00e9nagement du territoire (TOAT).<\/p>\n<p><strong>autorit\u00e9 approbatrice\u00a0:<\/strong> Le d\u00e9cideur initial dans le dossier faisant l\u2019objet d\u2019un appel devant le TOAT. Il peut s\u2019agir d\u2019un conseil municipal, d\u2019une autorit\u00e9 de conservation, d\u2019un minist\u00e8re, d\u2019un conseil, d\u2019une commission, d\u2019une agence, etc.<\/p>\n<p><strong>type d\u2019affaire\u00a0:<\/strong> Cat\u00e9gories fond\u00e9es sur le sujet faisant l\u2019objet de l\u2019appel et les dispositions l\u00e9gislatives applicables. Si vous n\u2019\u00eates pas certain du type d\u2019affaire qui s\u2019applique \u00e0 votre appel, essayez d\u2019abord d\u2019indiquer la loi\/l\u2019article; le service de d\u00e9p\u00f4t \u00e9lectronique produira ensuite la liste des types d\u2019affaires en fonction de cette information.<\/p>\n<p><strong>appel secondaire\u00a0:<\/strong> Tout appel ult\u00e9rieur d\u00e9pos\u00e9 lors du d\u00e9p\u00f4t des appels connexes (la fonction de d\u00e9p\u00f4t \u00e9lectronique remplit automatiquement les champs de l\u2019appel secondaire avec les m\u00eames renseignements sur la propri\u00e9t\u00e9, l\u2019autorit\u00e9 approbatrice, l\u2019appelant et le repr\u00e9sentant que ceux qui figurent dans l\u2019appel principal, mais vous pouvez y ajouter des propri\u00e9t\u00e9s, des appelants ou des repr\u00e9sentants additionnels au besoin, et fournir des d\u00e9tails diff\u00e9rents sur le type d\u2019affaire, la loi et l\u2019article, ainsi que les motifs de l\u2019appel).<\/p>\n<p><strong>d\u00e9poser\u00a0:<\/strong> Envoyer, soumettre, livrer ou transmettre le(s) appel(s) et les documents connexes \u00e0 l\u2019autorit\u00e9 d\u00e9sign\u00e9e pour recevoir les appels. Il faut que les documents relatifs aux appels soient r\u00e9put\u00e9s avoir \u00e9t\u00e9 re\u00e7us ou aient \u00e9t\u00e9 effectivement re\u00e7us par le TOAT ou l\u2019autorit\u00e9 comp\u00e9tente.<\/p>\n<p><strong>appel principal\u00a0:<\/strong> Le premier appel d\u00e9pos\u00e9 lors du d\u00e9p\u00f4t des appels connexes. On parle \u00e9galement de \u00ab\u00a0premier appel\u00a0\u00bb.<\/p>\n<p><strong>description l\u00e9gale de la propri\u00e9t\u00e9\u00a0:<\/strong> D\u00e9claration \u00e9crite d\u00e9crivant l\u2019emplacement d\u2019un terrain particulier, souvent en r\u00e9f\u00e9rence \u00e0 un relev\u00e9, une carte enregistr\u00e9e ou une propri\u00e9t\u00e9 adjacente. Elle est g\u00e9n\u00e9ralement utilis\u00e9e pour les routes rurales ou les concessions qui n\u2019ont pas d\u2019adresse municipale, et sert \u00e0 identifier une parcelle particuli\u00e8re.<\/p>\n<p><strong>num\u00e9ro de dossier municipal ou num\u00e9ro de r\u00e9f\u00e9rence\u00a0:<\/strong> Num\u00e9ro figurant sur la documentation officielle de la d\u00e9cision sous\u2011jacente (p. ex. avis de d\u00e9cision) qui permettra de d\u00e9crire l\u2019affaire faisant l\u2019objet de l\u2019appel (p. ex. num\u00e9ro de la demande, num\u00e9ro du r\u00e8glement, num\u00e9ro du plan officiel, num\u00e9ro de l\u2019ordonnance du directeur).<\/p>\n<p><strong>avis de d\u00e9cision\u00a0:<\/strong> Terme g\u00e9n\u00e9rique d\u00e9signant le document officiel qui informe le public ou certaines personnes d\u2019une d\u00e9cision, d\u2019une modification, d\u2019un r\u00e8glement, d\u2019un ordre, d\u2019une motion ou de toute autre mesure prise par une autorit\u00e9 approbatrice. Il peut porter diff\u00e9rents titres et d\u00e9crit g\u00e9n\u00e9ralement la fa\u00e7on de pr\u00e9senter un appel.<\/p>\n<p><strong>repr\u00e9sentant\u00a0:<\/strong> Personne autoris\u00e9e en vertu de la <em>Loi sur le Barreau<\/em>, L.R.O. 1990, chap. L.\u00a08, telle que modifi\u00e9e, ou de ses r\u00e8glements administratifs, \u00e0 repr\u00e9senter une personne dans le cadre d\u2019une proc\u00e9dure devant le TOAT. Il s\u2019agit notamment des conseillers juridiques ou des personnes autoris\u00e9es \u00e0 fournir des services juridiques. Les repr\u00e9sentants qui ne sont pas des conseillers juridiques ou des parajuristes autoris\u00e9s (p. ex. un membre de la famille ou un ami) doivent d\u00e9poser une confirmation \u00e9crite l\u2019autorisant \u00e0 agir pour la partie ou le participant (voir les <span style=\"text-decoration: underline;\"><strong><u><a href=\"\/fr\/legislation-et-regles\/\">R\u00e8gles de pratique et de proc\u00e9dure<\/a><\/u><\/strong><\/span> du TOAT, r\u00e8gle\u00a04).<\/p>\n","protected":false},"excerpt":{"rendered":"<p>appel\u00a0: Aux fins du d\u00e9p\u00f4t \u00e9lectronique, le terme \u00ab\u00a0appel\u00a0\u00bb d\u00e9signe non seulement les appels, mais aussi les requ\u00eates, les oppositions et les renvois. appelant\u00a0: Une personne ou une soci\u00e9t\u00e9 qui initie et soumet un appel \u00e0 l\u2019arbitrage du Tribunal ontarien de l\u2019am\u00e9nagement du territoire (TOAT). autorit\u00e9 approbatrice\u00a0: Le d\u00e9cideur initial dans le dossier faisant l\u2019objet [&hellip;]<\/p>\n","protected":false},"author":5,"featured_media":0,"parent":0,"menu_order":0,"comment_status":"closed","ping_status":"closed","template":"templates\/template-full-width.php","meta":{"inline_featured_image":false,"footnotes":"","_links_to":"","_links_to_target":""},"class_list":["post-2743","page","type-page","status-publish","hentry"],"acf":[],"_links":{"self":[{"href":"https:\/\/ist.olt.gov.on.ca\/fr\/wp-json\/wp\/v2\/pages\/2743","targetHints":{"allow":["GET"]}}],"collection":[{"href":"https:\/\/ist.olt.gov.on.ca\/fr\/wp-json\/wp\/v2\/pages"}],"about":[{"href":"https:\/\/ist.olt.gov.on.ca\/fr\/wp-json\/wp\/v2\/types\/page"}],"author":[{"embeddable":true,"href":"https:\/\/ist.olt.gov.on.ca\/fr\/wp-json\/wp\/v2\/users\/5"}],"replies":[{"embeddable":true,"href":"https:\/\/ist.olt.gov.on.ca\/fr\/wp-json\/wp\/v2\/comments?post=2743"}],"version-history":[{"count":4,"href":"https:\/\/ist.olt.gov.on.ca\/fr\/wp-json\/wp\/v2\/pages\/2743\/revisions"}],"predecessor-version":[{"id":2861,"href":"https:\/\/ist.olt.gov.on.ca\/fr\/wp-json\/wp\/v2\/pages\/2743\/revisions\/2861"}],"wp:attachment":[{"href":"https:\/\/ist.olt.gov.on.ca\/fr\/wp-json\/wp\/v2\/media?parent=2743"}],"curies":[{"name":"wp","href":"https:\/\/api.w.org\/{rel}","templated":true}]}}