{"id":2560,"date":"2024-01-31T20:12:09","date_gmt":"2024-01-31T20:12:09","guid":{"rendered":"https:\/\/ist.olt.gov.on.ca\/fr\/?page_id=2560"},"modified":"2024-07-12T17:33:39","modified_gmt":"2024-07-12T17:33:39","slug":"comment-demander-le-statut-de-partie-ou-de-participant","status":"publish","type":"page","link":"https:\/\/ist.olt.gov.on.ca\/fr\/comment-demander-le-statut-de-partie-ou-de-participant\/","title":{"rendered":"Comment demander le statut de partie ou de participant"},"content":{"rendered":"<p><video poster=\"\/wp-content\/uploads\/french-thumbnail_website.png\" preload=\"metadata\" autoplay=\"autoplay\" controls=\"controls\" width=\"300\" height=\"150\"><source src=\"\/wp-content\/uploads\/MAG-OLT_Status-Request-FR.mp4\" type=\"video\/mp4\" \/><track src=\"\/wp-content\/uploads\/MAG-OLT_Status-Request_CC-FR.vtt\" kind=\"subtitles\" srclang=\"fr\" label=\"Fran\u00e7ais\" \/>&nbsp;<\/video><\/p>\n<p><strong>Lire la transcription de la vid\u00e9o<\/strong> (<strong><u><a href=\"\/fr\/wp-content\/uploads\/sites\/3\/MAG-OLT-Status-Request-Transcript-FR.pdf\" target=\"_blank\" rel=\"noopener\">PDF<\/a><\/u><\/strong> | <strong><u><a href=\"\/fr\/wp-content\/uploads\/sites\/3\/MAG_OLT-Status-Request-Transcript_FR.html\" target=\"_blank\" rel=\"noopener\">HTML<\/a><\/u><\/strong>)\u00a0 \u00a0 \u00a0 \u00a0 \u00a0 \u00a0 \u00a0 \u00a0 \u00a0 \u00a0 \u00a0 \u00a0 \u00a0 \u00a0 \u00a0 \u00a0 \u00a0 \u00a0 \u00a0 \u00a0 \u00a0 \u00a0 \u00a0 \u00a0 \u00a0 \u00a0 \u00a0 \u00a0 \u00a0 \u00a0 \u00a0 \u00a0 <span style=\"text-decoration: underline;\"><strong><a href=\"\/fr\/la-video-comment-demander-le-statut-de-partie-ou-de-participant-vous-a-t-elle-ete-utile\/\">La vid\u00e9o vous a-t-elle \u00e9t\u00e9 utile?<\/a><\/strong><\/span><\/p>\n","protected":false},"excerpt":{"rendered":"<p>&nbsp; Lire la transcription de la vid\u00e9o (PDF | HTML)\u00a0 \u00a0 \u00a0 \u00a0 \u00a0 \u00a0 \u00a0 \u00a0 \u00a0 \u00a0 \u00a0 \u00a0 \u00a0 \u00a0 \u00a0 \u00a0 \u00a0 \u00a0 \u00a0 \u00a0 \u00a0 \u00a0 \u00a0 \u00a0 \u00a0 \u00a0 \u00a0 \u00a0 \u00a0 \u00a0 \u00a0 \u00a0 La vid\u00e9o vous a-t-elle \u00e9t\u00e9 utile?<\/p>\n","protected":false},"author":5,"featured_media":0,"parent":0,"menu_order":0,"comment_status":"closed","ping_status":"closed","template":"templates\/template-full-width.php","meta":{"inline_featured_image":false,"footnotes":"","_links_to":"","_links_to_target":""},"class_list":["post-2560","page","type-page","status-publish","hentry"],"acf":[],"_links":{"self":[{"href":"https:\/\/ist.olt.gov.on.ca\/fr\/wp-json\/wp\/v2\/pages\/2560","targetHints":{"allow":["GET"]}}],"collection":[{"href":"https:\/\/ist.olt.gov.on.ca\/fr\/wp-json\/wp\/v2\/pages"}],"about":[{"href":"https:\/\/ist.olt.gov.on.ca\/fr\/wp-json\/wp\/v2\/types\/page"}],"author":[{"embeddable":true,"href":"https:\/\/ist.olt.gov.on.ca\/fr\/wp-json\/wp\/v2\/users\/5"}],"replies":[{"embeddable":true,"href":"https:\/\/ist.olt.gov.on.ca\/fr\/wp-json\/wp\/v2\/comments?post=2560"}],"version-history":[{"count":14,"href":"https:\/\/ist.olt.gov.on.ca\/fr\/wp-json\/wp\/v2\/pages\/2560\/revisions"}],"predecessor-version":[{"id":3009,"href":"https:\/\/ist.olt.gov.on.ca\/fr\/wp-json\/wp\/v2\/pages\/2560\/revisions\/3009"}],"wp:attachment":[{"href":"https:\/\/ist.olt.gov.on.ca\/fr\/wp-json\/wp\/v2\/media?parent=2560"}],"curies":[{"name":"wp","href":"https:\/\/api.w.org\/{rel}","templated":true}]}}