{"id":2543,"date":"2024-01-30T19:49:40","date_gmt":"2024-01-30T19:49:40","guid":{"rendered":"https:\/\/ist.olt.gov.on.ca\/fr\/?page_id=2543"},"modified":"2024-04-03T13:57:00","modified_gmt":"2024-04-03T13:57:00","slug":"equipe-du-service-de-mediation","status":"publish","type":"page","link":"https:\/\/ist.olt.gov.on.ca\/fr\/equipe-du-service-de-mediation\/","title":{"rendered":"\u00c9quipe du Service de m\u00e9diation"},"content":{"rendered":"<p>&nbsp;<\/p>\n<p><strong>Wendy Nott (responsable de la m\u00e9diation)<\/strong> \u00e9tait directrice principale \u00e0 WND Urban Planning and Design. Elle a r\u00e9cemment pris sa retraite apr\u00e8s avoir \u0153uvr\u00e9 pendant presque 45 ans dans le domaine des services-conseils au sein de la soci\u00e9t\u00e9. Son travail comprenait l&rsquo;\u00e9laboration de politiques, de documents de zonage et de lignes directrices; de projets de planification communautaires de zones vertes \u00e0 petite et \u00e0 grande \u00e9chelle; et de projets de r\u00e9am\u00e9nagement urbain alliant des utilisations r\u00e9sidentielles, commerciales, institutionnelles, r\u00e9cr\u00e9atives et industrielles. Elle poss\u00e8de une vaste exp\u00e9rience en tant que t\u00e9moin experte. En 2004, elle a obtenu le titre de Fellow de l&rsquo;Institut canadien des urbanistes et elle est une planificatrice professionnelle certifi\u00e9e.<\/p>\n<p><strong>Lindsay Dale-Harris<\/strong> poss\u00e8de plus de 35 ans d&rsquo;exp\u00e9rience dans un vaste \u00e9ventail d\u2019\u00e9tudes de recherche sur la planification et d&rsquo;\u00e9tudes sp\u00e9cialis\u00e9es, notamment la pr\u00e9paration de plans officiels et de r\u00e8glements de zonage pour les organismes publics et la pr\u00e9paration de demandes d\u2019am\u00e9nagement compl\u00e8tes pour des clients priv\u00e9s. Elle poss\u00e8de \u00e9galement une vaste exp\u00e9rience \u00e0 titre de t\u00e9moin experte \u00e0 la Commission des affaires municipales de l&rsquo;Ontario et au Tribunal ontarien de l&rsquo;am\u00e9nagement du territoire, et elle a \u00e9galement comparu devant la Cour sup\u00e9rieure de justice de l&rsquo;Ontario.<\/p>\n<p><strong>Robert Dragicevic<\/strong> poss\u00e8de plus de 40 ans d\u2019exp\u00e9rience dans le domaine de l\u2019am\u00e9nagement. Il a rempli les fonctions de cadre sup\u00e9rieur et de pr\u00e9sident du cabinet Walker Nott Dragicevic Associates Limited, Urban Planning and Design. Bob Dragicevic poss\u00e8de une riche exp\u00e9rience de divers aspects de l\u2019am\u00e9nagement du territoire et a comparu comme t\u00e9moin expert \u00e0 des audiences de la Commission des affaires municipales de l\u2019Ontario et du Tribunal ontarien de l&rsquo;am\u00e9nagement du territoire. Il est actuellement membre de plein droit de l\u2019Institut des planificateurs professionnels de l\u2019Ontario et membre \u00e0 la retraite en r\u00e8gle de l\u2019Institut canadien des urbanistes.<\/p>\n<p><strong>Jeannette Gillezeau<\/strong> est \u00e9conomiste sp\u00e9cialis\u00e9e dans les questions \u00e9conomiques et d\u00e9mographiques li\u00e9es \u00e0 l\u2019am\u00e9nagement, \u00e0 la planification de l&rsquo;am\u00e9nagement du territoire et aux finances municipales. Forte de ses quelque 35 ans d&rsquo;exp\u00e9rience \u00e0 Clayton Research et au Groupe Altus, elle a entrepris une grande vari\u00e9t\u00e9 de mandats de consultation pour des clients des secteurs priv\u00e9 et public, touchant les domaines suivants\u00a0: redevances d\u2019am\u00e9nagement, taxes sur les espaces verts et autres contributions financi\u00e8res et pour d\u00e9penses en capital li\u00e9es \u00e0 l\u2019am\u00e9nagement et \u00e0 la construction; gestion de la croissance, y compris les budgets de biens-fonds; besoins en mati\u00e8re de logement; et incidences de l\u2019am\u00e9nagement sur l\u2019\u00e9conomie et les finances municipales. Elle a r\u00e9guli\u00e8rement comparu \u00e0 titre de t\u00e9moin experte sur ces questions lors d\u2019audiences et de s\u00e9ances de m\u00e9diation.<\/p>\n<p><strong>Paul Henry<\/strong> est autoris\u00e9 \u00e0 exercer le droit depuis 1974, et pendant les 45 ann\u00e9es suivantes, il a \u00e9t\u00e9 associ\u00e9 dans le cabinet d&rsquo;avocats Chappell Partners de Toronto. M. Henry est dipl\u00f4m\u00e9 du Trinity College, de l&rsquo;Universit\u00e9 de Toronto (baccalaur\u00e9at) et de la facult\u00e9 de droit de l&rsquo;Universit\u00e9 de Toronto. Il a exerc\u00e9 dans le domaine du contentieux des affaires civiles. Au fil des ans, M. Henry a trait\u00e9 de nombreux cas complexes comportant notamment des proc\u00e8s et des audiences se d\u00e9roulant sur plusieurs jours et il a travaill\u00e9 comme m\u00e9diateur particuli\u00e8rement en ce qui a trait aux expropriations. Avant son d\u00e9part \u00e0 la retraite, il \u00e9tait membre de l&rsquo;Ontario Expropriation Association, de The Advocates Society et du Barreau de l&rsquo;Ontario.<\/p>\n<p><strong>Catherine Lyons<\/strong> <strong>(\u00ab Kate \u00bb)<\/strong> pratique le droit municipal, et poss\u00e8de plus de 30 ans d&rsquo;exp\u00e9rience dans un cabinet d&rsquo;avocats national. Elle a repr\u00e9sent\u00e9 des promoteurs, des institutions, des municipalit\u00e9s et le gouvernement provincial dans une vaste gamme de projets de r\u00e9am\u00e9nagement. Elle poss\u00e8de une expertise dans les domaines du patrimoine et de l&rsquo;environnement, y compris les questions touchant les friches industrielles, l&rsquo;environnement naturel et les ressources en eau. Dans le cadre de sa pratique, elle n\u00e9gocie et r\u00e9dige des ententes li\u00e9es au partage des co\u00fbts, au financement des infrastructures et aux exigences municipales en mati\u00e8re d\u2019am\u00e9nagement du territoire. Elle compara\u00eet r\u00e9guli\u00e8rement devant des conseils et des comit\u00e9s municipaux, des comit\u00e9s de d\u00e9rogation et le Tribunal ontarien de l&rsquo;am\u00e9nagement du territoire.<\/p>\n<p><strong>Laurie McPherson<\/strong> poss\u00e8de plus de 30 ans d&rsquo;exp\u00e9rience \u00e0 titre de planificatrice professionnelle dans les secteurs public et priv\u00e9. Elle a commenc\u00e9 sa carri\u00e8re au sein du Service de planification de la Ville d&rsquo;Etobicoke en 1982 et a occup\u00e9 le poste de directrice, Politiques et Recherche de 1990 \u00e0 1998. En 1999, Laurie s&rsquo;est jointe \u00e0 Bousfields Inc., une soci\u00e9t\u00e9 de planification de Toronto, o\u00f9 elle est devenue partenaire en 2004. De d\u00e9cembre 2016 \u00e0 d\u00e9cembre 2018, Mme McPherson a \u00e9t\u00e9 membre inaugurale du Toronto Local Appeal Body (TLAB), un tribunal quasi judiciaire. Mme McPherson est une planificatrice professionnelle certifi\u00e9e aupr\u00e8s de l&rsquo;Institut des planificateurs professionnels de l&rsquo;Ontario.<\/p>\n<p>Le Tribunal ontarien de l&rsquo;am\u00e9nagement du territoire propose une expertise et des ressources sp\u00e9cialis\u00e9es suppl\u00e9mentaires pour faciliter la m\u00e9diation.<\/p>\n<p>&nbsp;<\/p>\n","protected":false},"excerpt":{"rendered":"<p>&nbsp; Wendy Nott (responsable de la m\u00e9diation) \u00e9tait directrice principale \u00e0 WND Urban Planning and Design. Elle a r\u00e9cemment pris sa retraite apr\u00e8s avoir \u0153uvr\u00e9 pendant presque 45 ans dans le domaine des services-conseils au sein de la soci\u00e9t\u00e9. Son travail comprenait l&rsquo;\u00e9laboration de politiques, de documents de zonage et de lignes directrices; de projets [&hellip;]<\/p>\n","protected":false},"author":5,"featured_media":0,"parent":0,"menu_order":0,"comment_status":"closed","ping_status":"closed","template":"templates\/template-full-width.php","meta":{"inline_featured_image":false,"footnotes":"","_links_to":"","_links_to_target":""},"class_list":["post-2543","page","type-page","status-publish","hentry"],"acf":[],"_links":{"self":[{"href":"https:\/\/ist.olt.gov.on.ca\/fr\/wp-json\/wp\/v2\/pages\/2543","targetHints":{"allow":["GET"]}}],"collection":[{"href":"https:\/\/ist.olt.gov.on.ca\/fr\/wp-json\/wp\/v2\/pages"}],"about":[{"href":"https:\/\/ist.olt.gov.on.ca\/fr\/wp-json\/wp\/v2\/types\/page"}],"author":[{"embeddable":true,"href":"https:\/\/ist.olt.gov.on.ca\/fr\/wp-json\/wp\/v2\/users\/5"}],"replies":[{"embeddable":true,"href":"https:\/\/ist.olt.gov.on.ca\/fr\/wp-json\/wp\/v2\/comments?post=2543"}],"version-history":[{"count":7,"href":"https:\/\/ist.olt.gov.on.ca\/fr\/wp-json\/wp\/v2\/pages\/2543\/revisions"}],"predecessor-version":[{"id":2924,"href":"https:\/\/ist.olt.gov.on.ca\/fr\/wp-json\/wp\/v2\/pages\/2543\/revisions\/2924"}],"wp:attachment":[{"href":"https:\/\/ist.olt.gov.on.ca\/fr\/wp-json\/wp\/v2\/media?parent=2543"}],"curies":[{"name":"wp","href":"https:\/\/api.w.org\/{rel}","templated":true}]}}