{"id":1843,"date":"2023-02-06T17:52:06","date_gmt":"2023-02-06T17:52:06","guid":{"rendered":"https:\/\/ist.olt.gov.on.ca\/fr\/?page_id=1843"},"modified":"2024-02-12T18:05:04","modified_gmt":"2024-02-12T18:05:04","slug":"accessibilite","status":"publish","type":"page","link":"https:\/\/ist.olt.gov.on.ca\/fr\/accessibilite\/","title":{"rendered":"Accessibilit\u00e9"},"content":{"rendered":"<p>Le Tribunal ontarien de l\u2019am\u00e9nagement du territoire soutient l\u2019inclusion compl\u00e8te des personnes handicap\u00e9es, tel qu\u2019il est indiqu\u00e9 dans la\u00a0<em>Charte canadienne des droits et libert\u00e9s<\/em>, le Code des droits de la personne de l\u2019Ontario, la\u00a0<a href=\"https:\/\/www.ontario.ca\/fr\/lois\/loi\/01o32\" target=\"_blank\" rel=\"noopener\"><u><b>Loi de 2001 sur les personnes handicap\u00e9es de l\u2019Ontario<\/b><\/u><\/a>\u00a0et la\u00a0<a href=\"https:\/\/www.ontario.ca\/fr\/lois\/loi\/05a11\" target=\"_blank\" rel=\"noopener\"><u><b>Loi de 2005 sur l\u2019accessibilit\u00e9 pour les personnes handicap\u00e9es de l\u2019Ontario<\/b><\/u><\/a>.<\/p>\n<p>Nous nous engageons \u00e0 fournir des services conform\u00e9ment aux Normes d\u2019accessibilit\u00e9 pour les services \u00e0 la client\u00e8le \u00e9tablies en vertu de la\u00a0<em>Loi de 2005 sur l\u2019accessibilit\u00e9 pour les personnes handicap\u00e9es de l\u2019Ontario<\/em>. Pour maintenir cet engagement, nous avons \u00e9tabli <span style=\"text-decoration: underline;\"><strong><a href=\"\/fr\/wp-content\/uploads\/sites\/3\/2023\/02\/accessibility-policy-FR.html\" target=\"_blank\" rel=\"noopener\">une politique sur l\u2019accessibilit\u00e9<\/a><\/strong><\/span>, que nous mettrons \u00e0 jour pour tenir compte de ce nouveau Tribunal. Pour obtenir une copie papier ou dans un format diff\u00e9rent, veuillez communiquer avec notre coordonnateur de l\u2019information sur l\u2019accessibilit\u00e9.<\/p>\n<p>Nos audiences se d\u00e9roulent par \u00e9crit et par voie \u00e9lectronique (c\u2019est-\u00e0-dire par t\u00e9l\u00e9phone ou vid\u00e9oconf\u00e9rence) au 655, rue Bay, \u00e0 Toronto, et dans des emplacements municipaux ailleurs en Ontario. Les Normes d\u2019accessibilit\u00e9 pour les services \u00e0 la client\u00e8le s\u2019appliquent aux municipalit\u00e9s. Nous nous effor\u00e7ons de tenir nos audiences en personne dans des installations appropri\u00e9es.<\/p>\n<p>Si vous avez des besoins en mati\u00e8re d\u2019accessibilit\u00e9, veuillez communiquer avec notre coordonnateur de l\u2019information sur l\u2019accessibilit\u00e9 le plus t\u00f4t possible.<\/p>\n<p>\u00c0 l\u2019attention de : Coordonnateur de l\u2019information sur l\u2019accessibilit\u00e9<br \/>\n655, rue Bay, bureau 1500<br \/>\nToronto (Ontario)<br \/>\nM5G 1E5<br \/>\nT\u00e9l\u00e9phone : 416-212-6349<br \/>\nSans frais : 1-866-448-2248<br \/>\nATS : 1-800-855-1155<br \/>\nCourriel :\u00a0<u><b><a href=\"mailto:OLT.COORDINATOR@ontario.ca\">OLT.COORDINATOR@ontario.ca<\/a><\/b><\/u><\/p>\n","protected":false},"excerpt":{"rendered":"<p>Le Tribunal ontarien de l\u2019am\u00e9nagement du territoire soutient l\u2019inclusion compl\u00e8te des personnes handicap\u00e9es, tel qu\u2019il est indiqu\u00e9 dans la\u00a0Charte canadienne des droits et libert\u00e9s, le Code des droits de la personne de l\u2019Ontario, la\u00a0Loi de 2001 sur les personnes handicap\u00e9es de l\u2019Ontario\u00a0et la\u00a0Loi de 2005 sur l\u2019accessibilit\u00e9 pour les personnes handicap\u00e9es de l\u2019Ontario. Nous nous [&hellip;]<\/p>\n","protected":false},"author":4,"featured_media":0,"parent":0,"menu_order":0,"comment_status":"closed","ping_status":"closed","template":"templates\/template-full-width.php","meta":{"inline_featured_image":false,"footnotes":"","_links_to":"","_links_to_target":""},"class_list":["post-1843","page","type-page","status-publish","hentry"],"acf":[],"_links":{"self":[{"href":"https:\/\/ist.olt.gov.on.ca\/fr\/wp-json\/wp\/v2\/pages\/1843","targetHints":{"allow":["GET"]}}],"collection":[{"href":"https:\/\/ist.olt.gov.on.ca\/fr\/wp-json\/wp\/v2\/pages"}],"about":[{"href":"https:\/\/ist.olt.gov.on.ca\/fr\/wp-json\/wp\/v2\/types\/page"}],"author":[{"embeddable":true,"href":"https:\/\/ist.olt.gov.on.ca\/fr\/wp-json\/wp\/v2\/users\/4"}],"replies":[{"embeddable":true,"href":"https:\/\/ist.olt.gov.on.ca\/fr\/wp-json\/wp\/v2\/comments?post=1843"}],"version-history":[{"count":7,"href":"https:\/\/ist.olt.gov.on.ca\/fr\/wp-json\/wp\/v2\/pages\/1843\/revisions"}],"predecessor-version":[{"id":2631,"href":"https:\/\/ist.olt.gov.on.ca\/fr\/wp-json\/wp\/v2\/pages\/1843\/revisions\/2631"}],"wp:attachment":[{"href":"https:\/\/ist.olt.gov.on.ca\/fr\/wp-json\/wp\/v2\/media?parent=1843"}],"curies":[{"name":"wp","href":"https:\/\/api.w.org\/{rel}","templated":true}]}}