{"id":1524,"date":"2023-01-24T05:57:37","date_gmt":"2023-01-24T05:57:37","guid":{"rendered":"https:\/\/ist.olt.gov.on.ca\/fr\/?page_id=1524"},"modified":"2024-02-12T18:11:23","modified_gmt":"2024-02-12T18:11:23","slug":"verifier-etat-dun-dossier","status":"publish","type":"page","link":"https:\/\/ist.olt.gov.on.ca\/fr\/verifier-etat-dun-dossier\/","title":{"rendered":"V\u00e9rifier l\u2019\u00e9tat d\u2019un dossier"},"content":{"rendered":"<h3>Comment puis-je v\u00e9rifier l\u2019\u00e9tat d\u2019un dossier?<\/h3>\n<p><strong>\u00c9tape  1.<\/strong> Rendez-vous au <a href=\"\/fr\/statut-du-dossier\"><u><b>service de v\u00e9rification de l\u2019\u00e9tat des dossiers<\/b><\/u><\/a>.<br \/>\n<strong>\u00c9tape  2.<\/strong> Faites une recherche par num\u00e9ro de dossier, adresse municipale, municipalit\u00e9 ou loi applicable.<\/p>\n<h3>Comment v\u00e9rifier l\u2019\u00e9tat d\u2019une d\u00e9cision?<\/h3>\n<p><strong>\u00c9tape  1.<\/strong> Rendez-vous au <a href=\"\/fr\/decisions\"><u><b>D\u00e9cisions<\/b><\/u><\/a>.<br \/>\n<strong>\u00c9tape  2.<\/strong> Faites une recherche par num\u00e9ro de dossier, nom de la personne ou de l\u2019organisation, adresse municipale, municipalit\u00e9, sujet ou loi applicable.<\/p>\n<h3>Comment puis-je demander les documents du dossier?<\/h3>\n<p><strong>\u00c9tape  1.<\/strong> Consultez notre page sur les <a href=\"\/fr\/demandes-de-documents\"><u><b>demandes de documents<\/b><\/u><\/a>.<br \/>\n<strong>\u00c9tape  2.<\/strong> Envoyez votre demande \u00e0 <a href=\"mailto:OLT.General.Inquiry@ontario.ca\"><u>OLT.General.Inquiry@ontario.ca<\/u><\/a>.<\/p>\n","protected":false},"excerpt":{"rendered":"<p>Comment puis-je v\u00e9rifier l\u2019\u00e9tat d\u2019un dossier? \u00c9tape 1. Rendez-vous au service de v\u00e9rification de l\u2019\u00e9tat des dossiers. \u00c9tape 2. Faites une recherche par num\u00e9ro de dossier, adresse municipale, municipalit\u00e9 ou loi applicable. Comment v\u00e9rifier l\u2019\u00e9tat d\u2019une d\u00e9cision? \u00c9tape 1. Rendez-vous au D\u00e9cisions. \u00c9tape 2. Faites une recherche par num\u00e9ro de dossier, nom de la personne [&hellip;]<\/p>\n","protected":false},"author":4,"featured_media":0,"parent":0,"menu_order":0,"comment_status":"closed","ping_status":"closed","template":"templates\/template-full-width.php","meta":{"inline_featured_image":false,"footnotes":"","_links_to":"","_links_to_target":""},"class_list":["post-1524","page","type-page","status-publish","hentry"],"acf":[],"_links":{"self":[{"href":"https:\/\/ist.olt.gov.on.ca\/fr\/wp-json\/wp\/v2\/pages\/1524","targetHints":{"allow":["GET"]}}],"collection":[{"href":"https:\/\/ist.olt.gov.on.ca\/fr\/wp-json\/wp\/v2\/pages"}],"about":[{"href":"https:\/\/ist.olt.gov.on.ca\/fr\/wp-json\/wp\/v2\/types\/page"}],"author":[{"embeddable":true,"href":"https:\/\/ist.olt.gov.on.ca\/fr\/wp-json\/wp\/v2\/users\/4"}],"replies":[{"embeddable":true,"href":"https:\/\/ist.olt.gov.on.ca\/fr\/wp-json\/wp\/v2\/comments?post=1524"}],"version-history":[{"count":14,"href":"https:\/\/ist.olt.gov.on.ca\/fr\/wp-json\/wp\/v2\/pages\/1524\/revisions"}],"predecessor-version":[{"id":1644,"href":"https:\/\/ist.olt.gov.on.ca\/fr\/wp-json\/wp\/v2\/pages\/1524\/revisions\/1644"}],"wp:attachment":[{"href":"https:\/\/ist.olt.gov.on.ca\/fr\/wp-json\/wp\/v2\/media?parent=1524"}],"curies":[{"name":"wp","href":"https:\/\/api.w.org\/{rel}","templated":true}]}}