{"id":1507,"date":"2023-01-24T04:38:35","date_gmt":"2023-01-24T04:38:35","guid":{"rendered":"https:\/\/ist.olt.gov.on.ca\/fr\/?page_id=1507"},"modified":"2024-03-27T14:51:48","modified_gmt":"2024-03-27T14:51:48","slug":"deposer-un-appel","status":"publish","type":"page","link":"https:\/\/ist.olt.gov.on.ca\/fr\/deposer-un-appel\/","title":{"rendered":"D\u00e9poser un appel"},"content":{"rendered":"<h3>Comment d\u00e9poser un appel?<\/h3>\n<p><strong>\u00c9tape 1.<\/strong> Consultez l\u2019information dans l\u2019avis ou le document re\u00e7u. Vous devriez aussi lire les dispositions pertinentes de la loi applicable.<\/p>\n<p><strong>\u00c9tape 2.<\/strong> Lisez le <a href=\"https:\/\/ist.olt.gov.on.ca\/fr\/guides-et-videos\" target=\"_blank\" rel=\"noopener\"><u><b>Guide relatif au processus d\u2019appel<\/b><\/u><\/a>.<\/p>\n<p><strong>\u00c9tape 3.<\/strong> Consultez le <span style=\"text-decoration: underline;\"><a href=\"\/fr\/bareme-des-droits\"><strong>bar\u00e8me des droits<\/strong><\/a><\/span> pour savoir si vous avez des droits \u00e0 payer pour votre appel.<\/p>\n<p><strong>\u00c9tape 4. <\/strong>Cr\u00e9ez un <span style=\"text-decoration: underline;\"><strong><a href=\"\/fr\/depot-electronique\/\">compte sur le syst\u00e8me de d\u00e9p\u00f4t<\/a><\/strong><\/span> en ligne ou remplissez le <span style=\"text-decoration: underline;\"><a href=\"\/fr\/formulaires\"><strong>formulaire d\u2019appel<\/strong><\/a><\/span>\u00a0<strong>.<\/strong><\/p>\n<p><strong>\u00c9tape 5.<\/strong> <a href=\"\/fr\/soumettre-des-documents\" target=\"_blank\" rel=\"noopener\"><u><b>D\u00e9posez votre dossier d\u2019appel<\/b><\/u><\/a>.<\/p>\n","protected":false},"excerpt":{"rendered":"<p>Comment d\u00e9poser un appel? \u00c9tape 1. Consultez l\u2019information dans l\u2019avis ou le document re\u00e7u. Vous devriez aussi lire les dispositions pertinentes de la loi applicable. \u00c9tape 2. Lisez le Guide relatif au processus d\u2019appel. \u00c9tape 3. Consultez le bar\u00e8me des droits pour savoir si vous avez des droits \u00e0 payer pour votre appel. \u00c9tape 4. [&hellip;]<\/p>\n","protected":false},"author":4,"featured_media":0,"parent":0,"menu_order":0,"comment_status":"closed","ping_status":"closed","template":"templates\/template-full-width.php","meta":{"inline_featured_image":false,"footnotes":"","_links_to":"","_links_to_target":""},"class_list":["post-1507","page","type-page","status-publish","hentry"],"acf":[],"_links":{"self":[{"href":"https:\/\/ist.olt.gov.on.ca\/fr\/wp-json\/wp\/v2\/pages\/1507","targetHints":{"allow":["GET"]}}],"collection":[{"href":"https:\/\/ist.olt.gov.on.ca\/fr\/wp-json\/wp\/v2\/pages"}],"about":[{"href":"https:\/\/ist.olt.gov.on.ca\/fr\/wp-json\/wp\/v2\/types\/page"}],"author":[{"embeddable":true,"href":"https:\/\/ist.olt.gov.on.ca\/fr\/wp-json\/wp\/v2\/users\/4"}],"replies":[{"embeddable":true,"href":"https:\/\/ist.olt.gov.on.ca\/fr\/wp-json\/wp\/v2\/comments?post=1507"}],"version-history":[{"count":24,"href":"https:\/\/ist.olt.gov.on.ca\/fr\/wp-json\/wp\/v2\/pages\/1507\/revisions"}],"predecessor-version":[{"id":2876,"href":"https:\/\/ist.olt.gov.on.ca\/fr\/wp-json\/wp\/v2\/pages\/1507\/revisions\/2876"}],"wp:attachment":[{"href":"https:\/\/ist.olt.gov.on.ca\/fr\/wp-json\/wp\/v2\/media?parent=1507"}],"curies":[{"name":"wp","href":"https:\/\/api.w.org\/{rel}","templated":true}]}}